{"id":2707,"date":"2023-12-14T12:13:37","date_gmt":"2023-12-14T15:13:37","guid":{"rendered":"http:\/\/www.blog2.com.ar\/?page_id=2707"},"modified":"2024-09-15T21:44:05","modified_gmt":"2024-09-16T00:44:05","slug":"confunicacion","status":"publish","type":"page","link":"https:\/\/www.blog2.com.ar\/index.php\/confunicacion\/","title":{"rendered":"Confunicaci\u00f3n"},"content":{"rendered":"\n<p>(<strong>MAS EN <a href=\"https:\/\/art.parselis.com.ar\" target=\"_blank\" rel=\"noopener\" title=\"\">https:\/\/art.parselis.com.ar<\/a><\/strong>)<\/p>\n\n\n\n<p>En la era de la comunicaci\u00f3n y el conocimiento vivimos entrecruzados por infinidad de mensajes simult\u00e1neos, diversos y confusos. Confunicaci\u00f3n busca colocar al participante dentro de la experiencia de las dos situaciones b\u00e1sicas de la comunicaci\u00f3n: el habla y la escucha.<\/p>\n\n\n\n<p>En la situaci\u00f3n de habla se espera fomentar la sensaci\u00f3n de soledad, del habla sin interlocutor a la vista, sin se\u00f1ales de recepci\u00f3n del mensaje. En la situaci\u00f3n de escucha se espera crear confusi\u00f3n a partir de la superposici\u00f3n de diferentes mensajes que se mezclan en tiempo real.<\/p>\n\n\n\n<div class=\"wp-block-media-text alignwide is-stacked-on-mobile\" style=\"grid-template-columns:48% auto\"><figure class=\"wp-block-media-text__media\"><video controls src=\"https:\/\/www.blog2.com.ar\/wp-content\/uploads\/2023\/12\/copy_E67FEBAA-46DF-41FB-9C2D-62FEE11AC2CF.mov\"><\/video><\/figure><div class=\"wp-block-media-text__content\">\n<p>La instalaci\u00f3n consiste en un conjunto de fuentes de sonido que se reproducen en forma variable en el artefacto sonoro. La experiencia se basa en la variaci\u00f3n entre la claridad y la inteligibilidad del mensaje seg\u00fan la cercan\u00eda con la obra.<\/p>\n\n\n\n<p>Se busca que la experiencia sea una met\u00e1fora de las pantallas actuales: consumimos miles de mensajes simult\u00e1neos sin considerar la posibilidad de conversar con ellos, e incluso sin advertir que hay \u201cotro igual a m\u00ed\u201d que puede ser escuchado como un semejante.<\/p>\n<\/div><\/div>\n\n\n\n<p><\/p>\n\n\n\n<p>La obra fue inaugurada en la <a href=\"https:\/\/www.alianzafrancesa.org.ar\/\" target=\"_blank\" rel=\"noopener\" title=\"\">Alianza Francesa<\/a>, expuesta en la muestra &#8220;<strong><a href=\"https:\/\/www.alianzafrancesa.org.ar\/cultura\/artes-visuales\/post\/cuando-el-sonido-no-se-escucha\" target=\"_blank\" rel=\"noopener\" title=\"\">Cuando el sonido no se escucha<\/a><\/strong>&#8221; entre diciembre 2023 y febrero 2024.<\/p>\n\n\n\n<p>(<strong>MAS EN <a href=\"https:\/\/art.parselis.com.ar\/\" target=\"_blank\" rel=\"noreferrer noopener\">https:\/\/art.parselis.com.ar<\/a><\/strong>)<\/p>\n","protected":false},"excerpt":{"rendered":"<p>(MAS EN https:\/\/art.parselis.com.ar) En la era de la comunicaci&oacute;n y el conocimiento vivimos entrecruzados por infinidad de mensajes simult&aacute;neos, diversos y confusos. Confunicaci&oacute;n busca colocar al participante dentro de la experiencia de las dos situaciones b&aacute;sicas de la comunicaci&oacute;n: el habla y la escucha. En la situaci&oacute;n de habla se espera fomentar la sensaci&oacute;n de&hellip;<\/p>\n<p><a class=\"more-link\" href=\"https:\/\/www.blog2.com.ar\/index.php\/confunicacion\/\" title=\"Continue reading &lsquo;Confunicaci\u00f3n&rsquo;\">Continue reading <span class=\"meta-nav\">&rarr;<\/span><\/a><\/p>\n","protected":false},"author":2,"featured_media":0,"parent":0,"menu_order":0,"comment_status":"closed","ping_status":"closed","template":"","meta":[],"aioseo_notices":[],"_links":{"self":[{"href":"https:\/\/www.blog2.com.ar\/index.php\/wp-json\/wp\/v2\/pages\/2707"}],"collection":[{"href":"https:\/\/www.blog2.com.ar\/index.php\/wp-json\/wp\/v2\/pages"}],"about":[{"href":"https:\/\/www.blog2.com.ar\/index.php\/wp-json\/wp\/v2\/types\/page"}],"author":[{"embeddable":true,"href":"https:\/\/www.blog2.com.ar\/index.php\/wp-json\/wp\/v2\/users\/2"}],"replies":[{"embeddable":true,"href":"https:\/\/www.blog2.com.ar\/index.php\/wp-json\/wp\/v2\/comments?post=2707"}],"version-history":[{"count":7,"href":"https:\/\/www.blog2.com.ar\/index.php\/wp-json\/wp\/v2\/pages\/2707\/revisions"}],"predecessor-version":[{"id":2932,"href":"https:\/\/www.blog2.com.ar\/index.php\/wp-json\/wp\/v2\/pages\/2707\/revisions\/2932"}],"wp:attachment":[{"href":"https:\/\/www.blog2.com.ar\/index.php\/wp-json\/wp\/v2\/media?parent=2707"}],"curies":[{"name":"wp","href":"https:\/\/api.w.org\/{rel}","templated":true}]}}