{"id":1502,"date":"2018-05-06T15:10:40","date_gmt":"2018-05-06T18:10:40","guid":{"rendered":"http:\/\/www.blog2.com.ar\/?page_id=1502"},"modified":"2018-05-06T21:00:38","modified_gmt":"2018-05-07T00:00:38","slug":"sonambulismo-tecnologico","status":"publish","type":"page","link":"https:\/\/www.blog2.com.ar\/index.php\/tecnologias-entranables\/sonambulismo-tecnologico\/","title":{"rendered":"\u00bfSonambulismo tecnol\u00f3gico?"},"content":{"rendered":"<p><img loading=\"lazy\" class=\"alignleft size-thumbnail wp-image-1530\" src=\"http:\/\/www.blog2.com.ar\/wp-content\/uploads\/2018\/05\/lopezcerezo_circulo-150x150.jpg\" alt=\"Jos\u00e9 Antonio L\u00f3pez Cerezo\" width=\"150\" height=\"150\" srcset=\"https:\/\/www.blog2.com.ar\/wp-content\/uploads\/2018\/05\/lopezcerezo_circulo-150x150.jpg 150w, https:\/\/www.blog2.com.ar\/wp-content\/uploads\/2018\/05\/lopezcerezo_circulo-300x300.jpg 300w, https:\/\/www.blog2.com.ar\/wp-content\/uploads\/2018\/05\/lopezcerezo_circulo.jpg 400w\" sizes=\"(max-width: 150px) 100vw, 150px\" \/><\/p>\n<p>Presentaci\u00f3n de <strong>Jos\u00e9 Antonio L\u00f3pez Cerezo<\/strong> en:<\/p>\n<p>Quintanilla, M. \u00c1., Parselis, M., Sandrone, D., &amp; Lawler, D. (2017). <a href=\"http:\/\/www.blog2.com.ar\/index.php\/tecnologias-entranables\/\"><i>Tecnolog\u00edas Entra\u00f1ables. \u00bfEs posible un modelo alternativo de desarrollo tecnol\u00f3gico?<\/i><\/a> (OEI, Ed.). Madrid: Los libros de la Catarata.<\/p>\n<p>&nbsp;<\/p>\n<p>Este libro tiene una estructura diferente a la habitual en la serie Ensayos de Ciencia y Sociedad. No es un libro de autor u\u0301nico o coautori\u0301a compartida. Buscando una meta\u0301fora musical, la obra es una sutil sonata de tres movimientos, interpretada por un cuarteto de pensadores con un violi\u0301n solista (MAQ). Constituye un espacio de reflexio\u0301n sobre la naturaleza de la tecnologi\u0301a y el cambio tecnolo\u0301gico, sobre los rasgos que contribuyen a hacer de la tecnologi\u0301a algo deseable o indeseable. El discurso sobre tecnologi\u0301as entran\u0303ables no es un manifiesto tecnopesimista ni tampoco una declaracio\u0301n de entusiasmo tecnooptimista, como a su vez sen\u0303ala Marti\u0301n Parselis en su propia contribucio\u0301n. Es una mirada a los matices de las relaciones entre la tecnologi\u0301a y los agentes humanos, al extran\u0303amiento que generan ciertos modos de expresio\u0301n de la tecnologi\u0301a, basada en un ana\u0301lisis filoso\u0301fico de calidad y una comprensio\u0301n cabal del mundo que nos rodea. Un elemento clave del libro es su\u00a0relevamiento del protagonismo humano en el cambio tecnolo\u0301gico. Dice al respecto Quintanilla: \u201cLas tecnologi\u0301as son como son porque hay personas que toman decisiones para que sean asi\u0301\u201d.<\/p>\n<p>M\u00e1s en <a href=\"https:\/\/www.catarata.org\/libro\/tecnologias-entranables_46463\/\" target=\"_blank\" rel=\"noopener\">Catarata<\/a><\/p>\n","protected":false},"excerpt":{"rendered":"<p>Presentaci&oacute;n de Jos&eacute; Antonio L&oacute;pez Cerezo en: Quintanilla, M. &Aacute;., Parselis, M., Sandrone, D., &amp; Lawler, D. (2017). Tecnolog&iacute;as Entra&ntilde;ables. &iquest;Es posible un modelo alternativo de desarrollo tecnol&oacute;gico? (OEI, Ed.). Madrid: Los libros de la Catarata. &nbsp; Este libro tiene una estructura diferente a la habitual en la serie Ensayos de Ciencia y Sociedad. No&hellip;<\/p>\n<p><a class=\"more-link\" href=\"https:\/\/www.blog2.com.ar\/index.php\/tecnologias-entranables\/sonambulismo-tecnologico\/\" title=\"Continue reading &lsquo;\u00bfSonambulismo tecnol\u00f3gico?&rsquo;\">Continue reading <span class=\"meta-nav\">&rarr;<\/span><\/a><\/p>\n","protected":false},"author":2,"featured_media":0,"parent":1266,"menu_order":0,"comment_status":"closed","ping_status":"closed","template":"","meta":[],"aioseo_notices":[],"_links":{"self":[{"href":"https:\/\/www.blog2.com.ar\/index.php\/wp-json\/wp\/v2\/pages\/1502"}],"collection":[{"href":"https:\/\/www.blog2.com.ar\/index.php\/wp-json\/wp\/v2\/pages"}],"about":[{"href":"https:\/\/www.blog2.com.ar\/index.php\/wp-json\/wp\/v2\/types\/page"}],"author":[{"embeddable":true,"href":"https:\/\/www.blog2.com.ar\/index.php\/wp-json\/wp\/v2\/users\/2"}],"replies":[{"embeddable":true,"href":"https:\/\/www.blog2.com.ar\/index.php\/wp-json\/wp\/v2\/comments?post=1502"}],"version-history":[{"count":6,"href":"https:\/\/www.blog2.com.ar\/index.php\/wp-json\/wp\/v2\/pages\/1502\/revisions"}],"predecessor-version":[{"id":1559,"href":"https:\/\/www.blog2.com.ar\/index.php\/wp-json\/wp\/v2\/pages\/1502\/revisions\/1559"}],"up":[{"embeddable":true,"href":"https:\/\/www.blog2.com.ar\/index.php\/wp-json\/wp\/v2\/pages\/1266"}],"wp:attachment":[{"href":"https:\/\/www.blog2.com.ar\/index.php\/wp-json\/wp\/v2\/media?parent=1502"}],"curies":[{"name":"wp","href":"https:\/\/api.w.org\/{rel}","templated":true}]}}