{"id":1266,"date":"2017-09-20T06:41:10","date_gmt":"2017-09-20T09:41:10","guid":{"rendered":"http:\/\/www.blog2.com.ar\/?page_id=1266"},"modified":"2020-08-02T20:48:45","modified_gmt":"2020-08-02T23:48:45","slug":"tecnologias-entranables","status":"publish","type":"page","link":"https:\/\/www.blog2.com.ar\/index.php\/tecnologias-entranables\/","title":{"rendered":"Tecnolog\u00edas Entra\u00f1ables"},"content":{"rendered":"<p>&nbsp;<\/p>\n<h3 style=\"text-align: center;\"><iframe loading=\"lazy\" src=\"https:\/\/www.youtube.com\/embed\/oQ6Nd9glnOY?rel=0\" width=\"560\" height=\"315\" frameborder=\"0\" allowfullscreen=\"allowfullscreen\"><\/iframe><\/h3>\n<p>&nbsp;<\/p>\n<h3 style=\"text-align: center;\">En <strong><a href=\"https:\/\/es.wikipedia.org\/wiki\/Tecnolog%C3%ADas_entra%C3%B1ables\" target=\"_blank\" rel=\"noopener\">Wikipedia<\/a>, <\/strong>y<strong>\u00a0<a href=\"https:\/\/www.facebook.com\/tecnologiasentranables\/\" target=\"_blank\" rel=\"noopener\">Facebook<\/a><\/strong>.<\/h3>\n<h3>Cap\u00edtulos del libro<\/h3>\n<ul>\n<li><a href=\"http:\/\/www.blog2.com.ar\/index.php\/tecnologias-entranables\/sonambulismo-tecnologico\/\">\u00bfSonambulismo tecnol\u00f3gico?<\/a>\u00a0Por Jos\u00e9 Antonio L\u00f3pez Cerezo.<\/li>\n<li><a href=\"http:\/\/www.blog2.com.ar\/index.php\/tecnologias-entranables\/tecnologias-entranables-un-modelo-alternativo-de-desarrollo-tecnologico\/\">Tecnolog\u00edas Entra\u00f1ables, un modelo alternativo de desarrollo tecnol\u00f3gico<\/a>. Por Miguel Angel Quintanilla.<\/li>\n<li><a href=\"http:\/\/www.blog2.com.ar\/index.php\/tecnologias-entranables\/repensando-la-relacion-entre-disenadores-y-usuarios-a-traves-de-las-tecnologias-entranables\/\">Repensando la relaci\u00f3n entre dise\u00f1adores y usuarios a trav\u00e9s de las tecnolog\u00edas entra\u00f1ables<\/a>. Por Mart\u00edn Parselis.<\/li>\n<li><a href=\"http:\/\/www.blog2.com.ar\/index.php\/tecnologias-entranables\/una-excursion-ontologica-a-las-tecnologias-entranables\/\">Una excursi\u00f3n ontol\u00f3gica a las tecnolog\u00edas entra\u00f1ables<\/a>. Por Dar\u00edo Sandrone y Diego Lawler.<\/li>\n<\/ul>\n<h3>Publicaciones precedentes<\/h3>\n<ul>\n<li>Quintanilla Fisac, Miguel Angel (2002). \u00ab<a href=\"https:\/\/dialnet.unirioja.es\/servlet\/articulo?codigo=306452\" target=\"_blank\" rel=\"noopener\"><strong>La democracia tecnol\u00f3gica<\/strong><\/a>\u00bb. Arbor 173 (683-684): 637-651. ISSN 1988-303X.<\/li>\n<li>Quintanilla Fisac, Miguel Angel (2009). \u00ab<a href=\"http:\/\/www.sinpermiso.info\/textos\/tecnologas-entraables\" target=\"_blank\" rel=\"noopener\"><strong>Tecnolog\u00edas entra\u00f1ables<\/strong><\/a>\u00bb. Sin Permiso.<\/li>\n<li>\u00ab<a href=\"https:\/\/www.ull.es\/portal\/noticias\/quintanilla-defiende-en-la-ull-un-modelo-mas-humanizado-de-avance-tecnologico\/\" target=\"_blank\" rel=\"noopener\">Quintanilla defiende en la ULL <strong>un modelo m\u00e1s humanizado de avance tecnol\u00f3gico<\/strong><\/a> &#8211; ULL &#8211; Noticias\u00bb. ULL &#8211; Noticias. 11 de abril de 2013.<\/li>\n<li>\u00abMiguel \u00c1ngel Quintanilla Fisac <a href=\"http:\/\/www.pensamientocritico.org\/migqui0312.htm\" target=\"_blank\" rel=\"noopener\"><strong>El pensamiento cient\u00edfico y la ideolog\u00eda de izquierdas<\/strong><\/a>\u00bb. www.pensamientocritico.org.<\/li>\n<li>Parselis, Martin. \u00ab<a href=\"http:\/\/www.revistacts.net\/volumen-11-numero-32\/316-articulos\/731-el-valor-de-las-tecnologias-entranables\" target=\"_blank\" rel=\"noopener\"><strong>El valor de las tecnolog\u00edas entra\u00f1ables<\/strong><\/a>\u00bb. www.revistacts.net.<\/li>\n<li>Mart\u00edn, Parselis, (2016). <a href=\"https:\/\/gredos.usal.es\/jspui\/handle\/10366\/133006\" target=\"_blank\" rel=\"noopener\"><strong>Las tecnolog\u00edas entra\u00f1ables como marco para la evaluaci\u00f3n tecnol\u00f3gica<\/strong><\/a>.<\/li>\n<li>Quintanilla, M.A., Parselis, M., Lawler, D., Sandrone, D.\u00a0(2017). <a href=\"http:\/\/www.catarata.org\/libro\/mostrar\/id\/1243\" target=\"_blank\" rel=\"noopener\"><strong>Tecnolog\u00edas entra\u00f1ables : \u00bfes posible un modelo alternativo de desarrollo tecnol\u00f3gico?<\/strong><\/a>. Catarata. ISBN 9788490973134. OCLC 987270971.<\/li>\n<\/ul>\n<h3>Discusiones abiertas a partir de las tecnolog\u00edas entra\u00f1ables<\/h3>\n<p><a href=\"https:\/\/scholar.google.com\/scholar?start=0&amp;q=%22tecnolog%C3%ADas+entra%C3%B1ables%22&amp;hl=en&amp;as_sdt=0,5\" target=\"_blank\" rel=\"noopener\"><strong>Ver resultados de b\u00fasqueda<\/strong> en Google Scholar<\/a><\/p>\n<h3>En medios<\/h3>\n<ul>\n<li>En Infobae:\u00a0<a href=\"https:\/\/www.infobae.com\/opinion\/2020\/07\/31\/democracia-tecnologia-y-el-debate-de-nuestro-tiempo\/\" target=\"_blank\" rel=\"noopener\"><strong>Democracia, tecnolog\u00eda y el debate de nuestro tiempo<\/strong><\/a>\u00a0&#8211; por Guillermo Lousteau<\/li>\n<li>En La Naci\u00f3n:\u00a0<strong><a href=\"https:\/\/www.lanacion.com.ar\/tecnologia\/tecnologias-entranables-maquinas-mas-humanas-efectos-sociales-nid2368646\" target=\"_blank\" rel=\"noopener\">Tecnolog\u00edas entra\u00f1ables: por unas m\u00e1quinas m\u00e1s humanas con efectos sociales beneficiosos<\/a><\/strong> &#8211; por Sergio Fanjul<\/li>\n<li>En Retina El Pa\u00eds:\u00a0<strong><a href=\"https:\/\/retina.elpais.com\/retina\/2020\/05\/14\/tendencias\/1589471047_228435.html\" target=\"_blank\" rel=\"noopener\">\u2018Tecnolog\u00edas entra\u00f1ables\u2019: por unas m\u00e1quinas m\u00e1s humanas<\/a><\/strong>\u00a0&#8211; por Sergio Fanjul<\/li>\n<li>En La Naci\u00f3n:\u00a0<strong><a href=\"https:\/\/www.lanacion.com.ar\/tecnologia\/tres-ideas-tecnologia-debemos-revisar-nid2378521\" target=\"_blank\" rel=\"noopener\">Tres ideas sobre la tecnolog\u00eda que debemos revisar<\/a><\/strong><\/li>\n<li>En Nobbot:\u00a0<strong><a href=\"https:\/\/www.nobbot.com\/general\/tecnologias-entranables-contra-la-alienacion-de-las-tecnopersonas\/\" target=\"_blank\" rel=\"noopener\">Tecnolog\u00edas entra\u00f1ables contra la alienaci\u00f3n de las \u00abtecnopersonas\u00bb<\/a><\/strong> &#8211; por\u00a0Jos\u00e9 Luis Granados Mateo<\/li>\n<li>En El Independiente:\u00a0<strong><a href=\"https:\/\/www.elindependientedehidalgo.com.mx\/tecnologias-entranables-indispensables-para-el-desarrollo\/\" target=\"_blank\" rel=\"noopener\">Tecnolog\u00edas entra\u00f1ables indispensables para el desarrollo<\/a><\/strong> &#8211; por\u00a0Roberto Morales Estrella<\/li>\n<li>En N+1:\u00a0<a href=\"https:\/\/nmas1.org\/news\/2019\/12\/14\/tecnopersona-decalogo\" target=\"_blank\" rel=\"noopener\"><strong>Los 10 criterios que las tecnolog\u00edas deben tener para evitar que nos controlen<\/strong><\/a><\/li>\n<li>En The conversation:\u00a0<strong><a href=\"https:\/\/theconversation.com\/como-ser-una-tecnopersona-entranable-126219\" target=\"_blank\" rel=\"noopener\">C\u00f3mo ser una \u2018tecnopersona\u2019 entra\u00f1able<\/a><\/strong> &#8211; por\u00a0Jos\u00e9 Luis Granados Mateo<\/li>\n<li>En M\u00e1cula:\u00a0<strong><a href=\"http:\/\/maculammg.blogspot.com\/2017\/08\/tecnologias-entranables-y-educacion.html\" target=\"_blank\" rel=\"noopener\">Tecnolog\u00edas entra\u00f1ables y educaci\u00f3n<\/a><\/strong> &#8211; por Mariano Mart\u00edn Gordillo<\/li>\n<li>En Umbrales filos\u00f3ficos:\u00a0<a href=\"http:\/\/umbralesfilosoficos.com\/tecnologias-entranables\/\" target=\"_blank\" rel=\"noopener\"><strong>Tecnolog\u00edas entra\u00f1ables<\/strong><\/a><\/li>\n<li>En Pansophia:\u00a0<strong><a href=\"http:\/\/pansophia.org\/plataformas-subjetividad-y-trabajo-cognitivo\/\" target=\"_blank\" rel=\"noopener\">Plataformas, subjetividad y trabajo cognitivo<\/a><\/strong> &#8211; por Sergio Salguero<\/li>\n<\/ul>\n<p>Entrevista a <a href=\"https:\/\/es.wikipedia.org\/wiki\/Miguel_%C3%81ngel_Quintanilla\" target=\"_blank\" rel=\"noopener\">Miguel Angel Quintanilla Fisac<\/a> en La duda curiosa, <a href=\"http:\/\/radio.usal.es\/\" target=\"_blank\" rel=\"noopener\">Radio Universidad de Salamanca: <\/a><a href=\"http:\/\/radio.usal.es\/wp-content\/uploads\/2015\/02\/La-duda-curiosa-07-10-2019.mp3\" target=\"_blank\" rel=\"noopener\">programa completo<\/a>, o clip de la entrevista<\/p>\n<!--[if lt IE 9]><script>document.createElement('audio');<\/script><![endif]-->\n<audio class=\"wp-audio-shortcode\" id=\"audio-1266-1\" preload=\"none\" style=\"width: 100%;\" controls=\"controls\"><source type=\"audio\/mpeg\" src=\"http:\/\/www.blog2.com.ar\/wp-content\/uploads\/2019\/10\/La-duda-curiosa-07-10-2019-CLIPPED-light.mp3?_=1\" \/><a href=\"http:\/\/www.blog2.com.ar\/wp-content\/uploads\/2019\/10\/La-duda-curiosa-07-10-2019-CLIPPED-light.mp3\">http:\/\/www.blog2.com.ar\/wp-content\/uploads\/2019\/10\/La-duda-curiosa-07-10-2019-CLIPPED-light.mp3<\/a><\/audio>\n","protected":false},"excerpt":{"rendered":"<p>&nbsp; &nbsp; En Wikipedia, y&nbsp;Facebook. Cap&iacute;tulos del libro &iquest;Sonambulismo tecnol&oacute;gico?&nbsp;Por Jos&eacute; Antonio L&oacute;pez Cerezo. Tecnolog&iacute;as Entra&ntilde;ables, un modelo alternativo de desarrollo tecnol&oacute;gico. Por Miguel Angel Quintanilla. Repensando la relaci&oacute;n entre dise&ntilde;adores y usuarios a trav&eacute;s de las tecnolog&iacute;as entra&ntilde;ables. Por Mart&iacute;n Parselis. Una excursi&oacute;n ontol&oacute;gica a las tecnolog&iacute;as entra&ntilde;ables. Por Dar&iacute;o Sandrone y Diego Lawler.&hellip;<\/p>\n<p><a class=\"more-link\" href=\"https:\/\/www.blog2.com.ar\/index.php\/tecnologias-entranables\/\" title=\"Continue reading &lsquo;Tecnolog\u00edas Entra\u00f1ables&rsquo;\">Continue reading <span class=\"meta-nav\">&rarr;<\/span><\/a><\/p>\n","protected":false},"author":2,"featured_media":0,"parent":0,"menu_order":0,"comment_status":"closed","ping_status":"closed","template":"","meta":[],"aioseo_notices":[],"_links":{"self":[{"href":"https:\/\/www.blog2.com.ar\/index.php\/wp-json\/wp\/v2\/pages\/1266"}],"collection":[{"href":"https:\/\/www.blog2.com.ar\/index.php\/wp-json\/wp\/v2\/pages"}],"about":[{"href":"https:\/\/www.blog2.com.ar\/index.php\/wp-json\/wp\/v2\/types\/page"}],"author":[{"embeddable":true,"href":"https:\/\/www.blog2.com.ar\/index.php\/wp-json\/wp\/v2\/users\/2"}],"replies":[{"embeddable":true,"href":"https:\/\/www.blog2.com.ar\/index.php\/wp-json\/wp\/v2\/comments?post=1266"}],"version-history":[{"count":27,"href":"https:\/\/www.blog2.com.ar\/index.php\/wp-json\/wp\/v2\/pages\/1266\/revisions"}],"predecessor-version":[{"id":2127,"href":"https:\/\/www.blog2.com.ar\/index.php\/wp-json\/wp\/v2\/pages\/1266\/revisions\/2127"}],"wp:attachment":[{"href":"https:\/\/www.blog2.com.ar\/index.php\/wp-json\/wp\/v2\/media?parent=1266"}],"curies":[{"name":"wp","href":"https:\/\/api.w.org\/{rel}","templated":true}]}}